{"id":270,"date":"2020-03-25T15:08:25","date_gmt":"2020-03-25T15:08:25","guid":{"rendered":"https:\/\/www.asbeko.ch\/new\/?page_id=270"},"modified":"2020-04-15T06:47:44","modified_gmt":"2020-04-15T06:47:44","slug":"hubarbeitsbuehnen-statisch-mobil-grundkurs-2","status":"publish","type":"page","link":"https:\/\/www.asbeko.ch\/new\/?page_id=270","title":{"rendered":"Kettens\u00e4ge Bau Grundkurs"},"content":{"rendered":"\t\t<div data-elementor-type=\"wp-page\" data-elementor-id=\"270\" class=\"elementor elementor-270\">\n\t\t\t\t\t\t<section class=\"elementor-section elementor-top-section elementor-element elementor-element-11311ab2 elementor-section-height-min-height elementor-section-items-top elementor-section-boxed elementor-section-height-default\" data-id=\"11311ab2\" data-element_type=\"section\" data-settings=\"{&quot;background_background&quot;:&quot;classic&quot;,&quot;shape_divider_bottom&quot;:&quot;triangle-asymmetrical&quot;,&quot;shape_divider_bottom_negative&quot;:&quot;yes&quot;}\">\n\t\t\t\t\t\t\t<div class=\"elementor-background-overlay\"><\/div>\n\t\t\t\t\t\t<div class=\"elementor-shape elementor-shape-bottom\" aria-hidden=\"true\" data-negative=\"true\">\n\t\t\t<svg xmlns=\"http:\/\/www.w3.org\/2000\/svg\" viewBox=\"0 0 1000 100\" preserveAspectRatio=\"none\">\n\t<path class=\"elementor-shape-fill\" d=\"M737.9,94.7L0,0v100h1000V0L737.9,94.7z\"\/>\n<\/svg>\t\t<\/div>\n\t\t\t\t\t<div class=\"elementor-container elementor-column-gap-default\">\n\t\t\t\t\t<div class=\"elementor-column elementor-col-100 elementor-top-column elementor-element elementor-element-1ca5776b\" data-id=\"1ca5776b\" data-element_type=\"column\" data-settings=\"{&quot;animation&quot;:&quot;none&quot;}\">\n\t\t\t<div class=\"elementor-widget-wrap elementor-element-populated\">\n\t\t\t\t\t\t<div class=\"elementor-element elementor-element-56dc7c33 elementor-widget elementor-widget-heading\" data-id=\"56dc7c33\" data-element_type=\"widget\" data-widget_type=\"heading.default\">\n\t\t\t\t<div class=\"elementor-widget-container\">\n\t\t\t\t\t<h1 class=\"elementor-heading-title elementor-size-default\">Kettens\u00e4ge BAU<\/h1>\t\t\t\t<\/div>\n\t\t\t\t<\/div>\n\t\t\t\t<div class=\"elementor-element elementor-element-3217141b elementor-widget elementor-widget-text-editor\" data-id=\"3217141b\" data-element_type=\"widget\" data-widget_type=\"text-editor.default\">\n\t\t\t\t<div class=\"elementor-widget-container\">\n\t\t\t\t\t\t\t\t\t<p>Grundkurs<\/p>\t\t\t\t\t\t\t\t<\/div>\n\t\t\t\t<\/div>\n\t\t\t\t\t<\/div>\n\t\t<\/div>\n\t\t\t\t\t<\/div>\n\t\t<\/section>\n\t\t\t\t<section class=\"elementor-section elementor-top-section elementor-element elementor-element-5d3226a2 elementor-section-boxed elementor-section-height-default elementor-section-height-default\" data-id=\"5d3226a2\" data-element_type=\"section\">\n\t\t\t\t\t\t<div class=\"elementor-container elementor-column-gap-wide\">\n\t\t\t\t\t<div class=\"elementor-column elementor-col-50 elementor-top-column elementor-element elementor-element-e2a46b9\" data-id=\"e2a46b9\" data-element_type=\"column\" data-settings=\"{&quot;background_background&quot;:&quot;classic&quot;}\">\n\t\t\t<div class=\"elementor-widget-wrap elementor-element-populated\">\n\t\t\t\t\t\t<div class=\"elementor-element elementor-element-3c41064 elementor-widget elementor-widget-heading\" data-id=\"3c41064\" data-element_type=\"widget\" data-widget_type=\"heading.default\">\n\t\t\t\t<div class=\"elementor-widget-container\">\n\t\t\t\t\t<h3 class=\"elementor-heading-title elementor-size-default\">Inhalte<\/h3>\t\t\t\t<\/div>\n\t\t\t\t<\/div>\n\t\t\t\t<div class=\"elementor-element elementor-element-fb0f34d elementor-widget elementor-widget-text-editor\" data-id=\"fb0f34d\" data-element_type=\"widget\" data-widget_type=\"text-editor.default\">\n\t\t\t\t<div class=\"elementor-widget-container\">\n\t\t\t\t\t\t\t\t\t<ul><li>Gesetzliche Grundlagen<\/li><li>Alternativen<\/li><li>PSA<\/li><li>Ger\u00e4tekenntnisse<\/li><li>Praktische Anwendung von L\u00e4ngs-Trenn und Stechschnitten<\/li><li>Einfache Spannungsschnitte<\/li><li>Wartung und Reinigung<\/li><\/ul>\t\t\t\t\t\t\t\t<\/div>\n\t\t\t\t<\/div>\n\t\t\t\t<div class=\"elementor-element elementor-element-24b035c elementor-widget elementor-widget-heading\" data-id=\"24b035c\" data-element_type=\"widget\" data-widget_type=\"heading.default\">\n\t\t\t\t<div class=\"elementor-widget-container\">\n\t\t\t\t\t<h3 class=\"elementor-heading-title elementor-size-default\">Zielgruppe<\/h3>\t\t\t\t<\/div>\n\t\t\t\t<\/div>\n\t\t\t\t<div class=\"elementor-element elementor-element-ea8df53 elementor-widget elementor-widget-text-editor\" data-id=\"ea8df53\" data-element_type=\"widget\" data-widget_type=\"text-editor.default\">\n\t\t\t\t<div class=\"elementor-widget-container\">\n\t\t\t\t\t\t\t\t\t<ul><li>Bediener von Kettens\u00e4ge mit wenig Vorkenntnissen. Baupersonal, Magaziner oder\u00a0Ger\u00e4teverantwortliche<\/li><li><span style=\"font-size: 15px;\">Fremdsprachenkurse nur mit Dolmetscher<\/span><\/li><\/ul>\t\t\t\t\t\t\t\t<\/div>\n\t\t\t\t<\/div>\n\t\t\t\t<div class=\"elementor-element elementor-element-5be45ab elementor-widget elementor-widget-heading\" data-id=\"5be45ab\" data-element_type=\"widget\" data-widget_type=\"heading.default\">\n\t\t\t\t<div class=\"elementor-widget-container\">\n\t\t\t\t\t<h3 class=\"elementor-heading-title elementor-size-default\">Ziele<\/h3>\t\t\t\t<\/div>\n\t\t\t\t<\/div>\n\t\t\t\t<div class=\"elementor-element elementor-element-a6129bd elementor-widget elementor-widget-text-editor\" data-id=\"a6129bd\" data-element_type=\"widget\" data-widget_type=\"text-editor.default\">\n\t\t\t\t<div class=\"elementor-widget-container\">\n\t\t\t\t\t\t\t\t\t<ul><li>Kenntnisse erlangen der Gefahren der Kettens\u00e4ge<\/li><li>Ausr\u00fcstung richtig einsetzten und Einsatzm\u00f6glichkeiten kennen<\/li><li>Die Schnitttechniken erlernen und anwenden k\u00f6nnen<\/li><li>Bestandteile kennen und die Wochen-Wartung durchf\u00fchren k\u00f6nnen<\/li><\/ul>\t\t\t\t\t\t\t\t<\/div>\n\t\t\t\t<\/div>\n\t\t\t\t<div class=\"elementor-element elementor-element-8ea2264 elementor-widget elementor-widget-heading\" data-id=\"8ea2264\" data-element_type=\"widget\" data-widget_type=\"heading.default\">\n\t\t\t\t<div class=\"elementor-widget-container\">\n\t\t\t\t\t<h3 class=\"elementor-heading-title elementor-size-default\">Anforderungen<\/h3>\t\t\t\t<\/div>\n\t\t\t\t<\/div>\n\t\t\t\t<div class=\"elementor-element elementor-element-4420fbe elementor-widget elementor-widget-text-editor\" data-id=\"4420fbe\" data-element_type=\"widget\" data-widget_type=\"text-editor.default\">\n\t\t\t\t<div class=\"elementor-widget-container\">\n\t\t\t\t\t\t\t\t\t<ul><li>Mindestalter 18 Jahre \/ Jungendliche ab 16 Jahren; unter der Voraussetzung der beruflichen Grundausbildung der Ausnahmen (im Bildungsplan festgehalten) nach ArGV 5 Art. 4 Abs. 4<\/li><li>Teilnehmende der Fortgeschrittenen Sprachverwendung Niveaustufe GERMAN B1<\/li><li>K\u00f6rperliche Eignung<\/li><\/ul>\t\t\t\t\t\t\t\t<\/div>\n\t\t\t\t<\/div>\n\t\t\t\t<div class=\"elementor-element elementor-element-86c906c elementor-widget elementor-widget-heading\" data-id=\"86c906c\" data-element_type=\"widget\" data-widget_type=\"heading.default\">\n\t\t\t\t<div class=\"elementor-widget-container\">\n\t\t\t\t\t<h3 class=\"elementor-heading-title elementor-size-default\">Unterlagen<\/h3>\t\t\t\t<\/div>\n\t\t\t\t<\/div>\n\t\t\t\t<div class=\"elementor-element elementor-element-245f766 elementor-widget elementor-widget-text-editor\" data-id=\"245f766\" data-element_type=\"widget\" data-widget_type=\"text-editor.default\">\n\t\t\t\t<div class=\"elementor-widget-container\">\n\t\t\t\t\t\t\t\t\t<ul><li>Es wird nach den geltenden Regeln der Suva ausgebildet (Checklisten und Merkbl\u00e4tter)<\/li><li>Die Branchenl\u00f6sungen werden einbezogen<\/li><\/ul>\t\t\t\t\t\t\t\t<\/div>\n\t\t\t\t<\/div>\n\t\t\t\t<div class=\"elementor-element elementor-element-7cea6a3 elementor-widget elementor-widget-heading\" data-id=\"7cea6a3\" data-element_type=\"widget\" data-widget_type=\"heading.default\">\n\t\t\t\t<div class=\"elementor-widget-container\">\n\t\t\t\t\t<h3 class=\"elementor-heading-title elementor-size-default\">Kursdauer<\/h3>\t\t\t\t<\/div>\n\t\t\t\t<\/div>\n\t\t\t\t<div class=\"elementor-element elementor-element-de476dd elementor-widget elementor-widget-text-editor\" data-id=\"de476dd\" data-element_type=\"widget\" data-widget_type=\"text-editor.default\">\n\t\t\t\t<div class=\"elementor-widget-container\">\n\t\t\t\t\t\t\t\t\t<p>1 Tag \/ 08.00 bis 17.00 Uhr<\/p>\t\t\t\t\t\t\t\t<\/div>\n\t\t\t\t<\/div>\n\t\t\t\t<div class=\"elementor-element elementor-element-4996aff elementor-widget elementor-widget-heading\" data-id=\"4996aff\" data-element_type=\"widget\" data-widget_type=\"heading.default\">\n\t\t\t\t<div class=\"elementor-widget-container\">\n\t\t\t\t\t<h3 class=\"elementor-heading-title elementor-size-default\">Kurskosten<\/h3>\t\t\t\t<\/div>\n\t\t\t\t<\/div>\n\t\t\t\t<div class=\"elementor-element elementor-element-c1f87cf elementor-widget elementor-widget-text-editor\" data-id=\"c1f87cf\" data-element_type=\"widget\" data-widget_type=\"text-editor.default\">\n\t\t\t\t<div class=\"elementor-widget-container\">\n\t\t\t\t\t\t\t\t\t<p>CHF 350.\u2014 pro Teilnehmenden ; max 8 Teilnehmende; Kursserie-Preis auf Anfrage.<\/p>\t\t\t\t\t\t\t\t<\/div>\n\t\t\t\t<\/div>\n\t\t\t\t<div class=\"elementor-element elementor-element-bb0d17c elementor-widget elementor-widget-heading\" data-id=\"bb0d17c\" data-element_type=\"widget\" data-widget_type=\"heading.default\">\n\t\t\t\t<div class=\"elementor-widget-container\">\n\t\t\t\t\t<h3 class=\"elementor-heading-title elementor-size-default\">Zertifikat<\/h3>\t\t\t\t<\/div>\n\t\t\t\t<\/div>\n\t\t\t\t<div class=\"elementor-element elementor-element-3f4779d elementor-widget elementor-widget-text-editor\" data-id=\"3f4779d\" data-element_type=\"widget\" data-widget_type=\"text-editor.default\">\n\t\t\t\t<div class=\"elementor-widget-container\">\n\t\t\t\t\t\t\t\t\t<p>Der Kurs wird mit einer Lernzielkontrolle Abgeschlossen und mit einer Ausbildungsbescheinigung best\u00e4tigt.<\/p>\t\t\t\t\t\t\t\t<\/div>\n\t\t\t\t<\/div>\n\t\t\t\t<div class=\"elementor-element elementor-element-9fd581b elementor-widget elementor-widget-heading\" data-id=\"9fd581b\" data-element_type=\"widget\" data-widget_type=\"heading.default\">\n\t\t\t\t<div class=\"elementor-widget-container\">\n\t\t\t\t\t<h3 class=\"elementor-heading-title elementor-size-default\">Werkzeug und Maschinen<\/h3>\t\t\t\t<\/div>\n\t\t\t\t<\/div>\n\t\t\t\t<div class=\"elementor-element elementor-element-97762d0 elementor-widget elementor-widget-text-editor\" data-id=\"97762d0\" data-element_type=\"widget\" data-widget_type=\"text-editor.default\">\n\t\t\t\t<div class=\"elementor-widget-container\">\n\t\t\t\t\t\t\t\t\t<p>Die Teilnehmenden bringen Ihre Pers\u00f6nliche Schutzausr\u00fcstung und eine Kettens\u00e4ge mit dem Zubeh\u00f6r (Kanister mit Treibstoffgemisch und Ketten\u00f6l, Ersatzkette und Witterungs angepasste\u00a0Bekleidung) zum Kurs mit.<\/p>\t\t\t\t\t\t\t\t<\/div>\n\t\t\t\t<\/div>\n\t\t\t\t\t<\/div>\n\t\t<\/div>\n\t\t\t\t<div class=\"elementor-column elementor-col-50 elementor-top-column elementor-element elementor-element-103b147\" data-id=\"103b147\" data-element_type=\"column\" data-settings=\"{&quot;background_background&quot;:&quot;classic&quot;}\">\n\t\t\t<div class=\"elementor-widget-wrap elementor-element-populated\">\n\t\t\t\t\t\t<div class=\"elementor-element elementor-element-b0a62a0 elementor-widget elementor-widget-heading\" data-id=\"b0a62a0\" data-element_type=\"widget\" data-widget_type=\"heading.default\">\n\t\t\t\t<div class=\"elementor-widget-container\">\n\t\t\t\t\t<h3 class=\"elementor-heading-title elementor-size-default\">Kurs Anmeldung<\/h3>\t\t\t\t<\/div>\n\t\t\t\t<\/div>\n\t\t\t\t<div class=\"elementor-element elementor-element-6ab74f9 elementor-widget elementor-widget-htcontactform-addons\" data-id=\"6ab74f9\" data-element_type=\"widget\" data-widget_type=\"htcontactform-addons.default\">\n\t\t\t\t<div class=\"elementor-widget-container\">\n\t\t\t\t\t            <div class=\"htcontact-form-wrapper\" >\n                \n<div class=\"wpcf7 no-js\" id=\"wpcf7-f200-o1\" lang=\"de-DE\" dir=\"ltr\" data-wpcf7-id=\"200\">\n<div class=\"screen-reader-response\"><p role=\"status\" aria-live=\"polite\" aria-atomic=\"true\"><\/p> <ul><\/ul><\/div>\n<form action=\"\/new\/index.php?rest_route=%2Fwp%2Fv2%2Fpages%2F270#wpcf7-f200-o1\" method=\"post\" class=\"wpcf7-form init\" aria-label=\"Kontaktformular\" novalidate=\"novalidate\" data-status=\"init\">\n<fieldset class=\"hidden-fields-container\"><input type=\"hidden\" name=\"_wpcf7\" value=\"200\" \/><input type=\"hidden\" name=\"_wpcf7_version\" value=\"6.1.1\" \/><input type=\"hidden\" name=\"_wpcf7_locale\" value=\"de_DE\" \/><input type=\"hidden\" name=\"_wpcf7_unit_tag\" value=\"wpcf7-f200-o1\" \/><input type=\"hidden\" name=\"_wpcf7_container_post\" value=\"0\" \/><input type=\"hidden\" name=\"_wpcf7_posted_data_hash\" value=\"\" \/><input type=\"hidden\" name=\"_extcf7_conditional_options\" value=\"{&quot;form_id&quot;:200,&quot;conditions&quot;:[]}\" \/><input type=\"hidden\" name=\"_extcf7_redirect_options\" value=\"{&quot;form_id&quot;:200,&quot;redirect_options&quot;:&quot;&quot;}\" \/><input type=\"hidden\" name=\"_wpcf7_recaptcha_response\" value=\"\" \/>\n<\/fieldset>\n<p><label> Kurs*<br \/>\n<span class=\"wpcf7-form-control-wrap\" data-name=\"your-subject\"><select class=\"wpcf7-form-control wpcf7-select wpcf7-validates-as-required\" aria-required=\"true\" aria-invalid=\"false\" name=\"your-subject\"><option value=\"- ausw\u00e4hlen -\">- ausw\u00e4hlen -<\/option><option value=\"Flurgesteuerte Industriekrane und Anschlagmittel Grundkurs\">Flurgesteuerte Industriekrane und Anschlagmittel Grundkurs<\/option><option value=\"Flurgesteuerte Industriekrane und Anschlagmittel Grundkurs erweitert\">Flurgesteuerte Industriekrane und Anschlagmittel Grundkurs erweitert<\/option><option value=\"Hubarbeitsb\u00fchnen statisch und mobil Grundkurs\">Hubarbeitsb\u00fchnen statisch und mobil Grundkurs<\/option><option value=\"Hubarbeitsb\u00fchnen statisch und mobil Grundkurs erweitert\">Hubarbeitsb\u00fchnen statisch und mobil Grundkurs erweitert<\/option><option value=\"Kettens\u00e4ge Grundkurs BAU\">Kettens\u00e4ge Grundkurs BAU<\/option><option value=\"Kettens\u00e4ge Grundkurs BAU erweitert\">Kettens\u00e4ge Grundkurs BAU erweitert<\/option><option value=\"Ladesicherung Grundkurs\">Ladesicherung Grundkurs<\/option><option value=\"Ladesicherung Grundkurs erweitert\">Ladesicherung Grundkurs erweitert<\/option><\/select><\/span> <\/label>\n<\/p>\n<p><label> Anzahl Personen*<br \/>\n<span class=\"wpcf7-form-control-wrap\" data-name=\"personenzahl\"><select class=\"wpcf7-form-control wpcf7-select wpcf7-validates-as-required\" aria-required=\"true\" aria-invalid=\"false\" name=\"personenzahl\"><option value=\"- ausw\u00e4hlen -\">- ausw\u00e4hlen -<\/option><option value=\"1 bis 4 Personen\">1 bis 4 Personen<\/option><option value=\"4 bis 6 Personen\">4 bis 6 Personen<\/option><option value=\"6 bis 8 Personen\">6 bis 8 Personen<\/option><option value=\"+8 Personen\">+8 Personen<\/option><\/select><\/span> <\/label>\n<\/p>\n<p><label> Durchf\u00fchrungsort*<br \/>\n<span class=\"wpcf7-form-control-wrap\" data-name=\"durchfuehrungsort\"><select class=\"wpcf7-form-control wpcf7-select wpcf7-validates-as-required\" aria-required=\"true\" aria-invalid=\"false\" name=\"durchfuehrungsort\"><option value=\"- ausw\u00e4hlen -\">- ausw\u00e4hlen -<\/option><option value=\"Firma\">Firma<\/option><option value=\"Externen Ort\">Externen Ort<\/option><option value=\"Keine\">Keine<\/option><\/select><\/span> <\/label>\n<\/p>\n<p><label> Wunschdaten*<br \/>\n<span class=\"wpcf7-form-control-wrap\" data-name=\"wunschdaten\"><input class=\"wpcf7-form-control wpcf7-date wpcf7-validates-as-required wpcf7-validates-as-date\" aria-required=\"true\" aria-invalid=\"false\" value=\"\" type=\"date\" name=\"wunschdaten\" \/><\/span> <\/label>\n<\/p>\n<p><label> Nachname*<br \/>\n<span class=\"wpcf7-form-control-wrap\" data-name=\"your-name\"><input size=\"40\" maxlength=\"400\" class=\"wpcf7-form-control wpcf7-text wpcf7-validates-as-required\" aria-required=\"true\" aria-invalid=\"false\" value=\"\" type=\"text\" name=\"your-name\" \/><\/span> <\/label>\n<\/p>\n<p><label> Vorname*<br \/>\n<span class=\"wpcf7-form-control-wrap\" data-name=\"vorname\"><input size=\"40\" maxlength=\"400\" class=\"wpcf7-form-control wpcf7-text wpcf7-validates-as-required\" aria-required=\"true\" aria-invalid=\"false\" value=\"\" type=\"text\" name=\"vorname\" \/><\/span> <\/label>\n<\/p>\n<p><label> Firma<br \/>\n<span class=\"wpcf7-form-control-wrap\" data-name=\"firma\"><input size=\"40\" maxlength=\"400\" class=\"wpcf7-form-control wpcf7-text\" aria-invalid=\"false\" value=\"\" type=\"text\" name=\"firma\" \/><\/span> <\/label>\n<\/p>\n<p><label> Adresse*<br \/>\n<span class=\"wpcf7-form-control-wrap\" data-name=\"adresse\"><input size=\"40\" maxlength=\"400\" class=\"wpcf7-form-control wpcf7-text wpcf7-validates-as-required\" aria-required=\"true\" aria-invalid=\"false\" value=\"\" type=\"text\" name=\"adresse\" \/><\/span> <\/label>\n<\/p>\n<p><label> PLZ\/Ort*<br \/>\n<span class=\"wpcf7-form-control-wrap\" data-name=\"plz-ort\"><input size=\"40\" maxlength=\"400\" class=\"wpcf7-form-control wpcf7-text wpcf7-validates-as-required\" aria-required=\"true\" aria-invalid=\"false\" value=\"\" type=\"text\" name=\"plz-ort\" \/><\/span> <\/label>\n<\/p>\n<p><label> Telefon*<br \/>\n<span class=\"wpcf7-form-control-wrap\" data-name=\"telefon\"><input size=\"40\" maxlength=\"400\" class=\"wpcf7-form-control wpcf7-tel wpcf7-validates-as-required wpcf7-text wpcf7-validates-as-tel\" aria-required=\"true\" aria-invalid=\"false\" value=\"\" type=\"tel\" name=\"telefon\" \/><\/span> <\/label>\n<\/p>\n<p><label> E-Mail*<br \/>\n<span class=\"wpcf7-form-control-wrap\" data-name=\"your-email\"><input size=\"40\" maxlength=\"400\" class=\"wpcf7-form-control wpcf7-email wpcf7-validates-as-required wpcf7-text wpcf7-validates-as-email\" aria-required=\"true\" aria-invalid=\"false\" value=\"\" type=\"email\" name=\"your-email\" \/><\/span> <\/label>\n<\/p>\n<p><label> Nachricht<br \/>\n<span class=\"wpcf7-form-control-wrap\" data-name=\"Nachricht\"><textarea cols=\"40\" rows=\"10\" maxlength=\"2000\" class=\"wpcf7-form-control wpcf7-textarea\" aria-invalid=\"false\" name=\"Nachricht\"><\/textarea><\/span> <\/label>\n<\/p>\n<p><span class=\"wpcf7-form-control-wrap\" data-name=\"accept-this-1\"><span class=\"wpcf7-form-control wpcf7-acceptance\"><span class=\"wpcf7-list-item\"><label><input type=\"checkbox\" name=\"accept-this-1\" value=\"1\" aria-invalid=\"false\" \/><span class=\"wpcf7-list-item-label\">Ich stimme den Allgemeinen Gesch\u00e4ftsbedingungen zu.<\/span><\/label><\/span><\/span><\/span>\n<\/p>\n<p>Geben Sie diesen Code ein: <input type=\"hidden\" name=\"_wpcf7_captcha_challenge_captcha-170\" value=\"2976199976\" \/><img decoding=\"async\" class=\"wpcf7-form-control wpcf7-captchac wpcf7-captcha-captcha-170\" width=\"72\" height=\"24\" alt=\"captcha\" src=\"https:\/\/www.asbeko.ch\/new\/wp-content\/uploads\/wpcf7_captcha\/2976199976.png\" \/><br \/>\n<span class=\"wpcf7-form-control-wrap\" data-name=\"captcha-170\"><input size=\"4\" maxlength=\"4\" class=\"wpcf7-form-control wpcf7-captchar\" autocomplete=\"off\" aria-invalid=\"false\" value=\"\" type=\"text\" name=\"captcha-170\" \/><\/span>\n<\/p>\n<p><input class=\"wpcf7-form-control wpcf7-submit has-spinner\" type=\"submit\" value=\"Send\" \/>\n<\/p><input type=\"hidden\" id=\"ct_checkjs_cf7_75fc093c0ee742f6dddaa13fff98f104\" name=\"ct_checkjs_cf7\" value=\"0\" \/><script >setTimeout(function(){var ct_input_name = \"ct_checkjs_cf7_75fc093c0ee742f6dddaa13fff98f104\";if (document.getElementById(ct_input_name) !== null) {var ct_input_value = document.getElementById(ct_input_name).value;document.getElementById(ct_input_name).value = document.getElementById(ct_input_name).value.replace(ct_input_value, '153199314');}}, 1000);<\/script><input\n                    class=\"apbct_special_field apbct_email_id__wp_contact_form_7\"\n                    name=\"apbct__email_id__wp_contact_form_7\"\n                    aria-label=\"apbct__label_id__wp_contact_form_7\"\n                    type=\"text\" size=\"30\" maxlength=\"200\" autocomplete=\"off\"\n                    value=\"\"\n                \/><div class=\"wpcf7-response-output\" aria-hidden=\"true\"><\/div>\n<input\n                    class=\"apbct_special_field apbct_email_id__elementor_form\"\n                    name=\"apbct__email_id__elementor_form\"\n                    aria-label=\"apbct__label_id__elementor_form\"\n                    type=\"text\" size=\"30\" maxlength=\"200\" autocomplete=\"off\"\n                    value=\"\"\n                \/><\/form>\n<\/div>\n            <\/div>\n\n        \t\t\t\t<\/div>\n\t\t\t\t<\/div>\n\t\t\t\t\t<\/div>\n\t\t<\/div>\n\t\t\t\t\t<\/div>\n\t\t<\/section>\n\t\t\t\t<section class=\"elementor-section elementor-top-section elementor-element elementor-element-706b1392 elementor-section-height-min-height elementor-section-boxed elementor-section-height-default elementor-section-items-middle\" data-id=\"706b1392\" data-element_type=\"section\" data-settings=\"{&quot;background_background&quot;:&quot;classic&quot;,&quot;shape_divider_top&quot;:&quot;triangle-asymmetrical&quot;,&quot;shape_divider_top_negative&quot;:&quot;yes&quot;}\">\n\t\t\t\t\t\t\t<div class=\"elementor-background-overlay\"><\/div>\n\t\t\t\t\t\t<div class=\"elementor-shape elementor-shape-top\" aria-hidden=\"true\" data-negative=\"true\">\n\t\t\t<svg xmlns=\"http:\/\/www.w3.org\/2000\/svg\" viewBox=\"0 0 1000 100\" preserveAspectRatio=\"none\">\n\t<path class=\"elementor-shape-fill\" d=\"M737.9,94.7L0,0v100h1000V0L737.9,94.7z\"\/>\n<\/svg>\t\t<\/div>\n\t\t\t\t\t<div class=\"elementor-container elementor-column-gap-default\">\n\t\t\t\t\t<div class=\"elementor-column elementor-col-100 elementor-top-column elementor-element elementor-element-70032f1c\" data-id=\"70032f1c\" data-element_type=\"column\">\n\t\t\t<div class=\"elementor-widget-wrap\">\n\t\t\t\t\t\t\t<\/div>\n\t\t<\/div>\n\t\t\t\t\t<\/div>\n\t\t<\/section>\n\t\t\t\t<\/div>\n\t\t","protected":false},"excerpt":{"rendered":"<p>Kettens\u00e4ge BAU Grundkurs Inhalte Gesetzliche Grundlagen Alternativen PSA Ger\u00e4tekenntnisse Praktische Anwendung von L\u00e4ngs-Trenn und Stechschnitten Einfache Spannungsschnitte Wartung und Reinigung Zielgruppe Bediener von Kettens\u00e4ge mit wenig Vorkenntnissen. Baupersonal, Magaziner oder\u00a0Ger\u00e4teverantwortliche Fremdsprachenkurse nur mit Dolmetscher Ziele Kenntnisse erlangen der Gefahren der Kettens\u00e4ge Ausr\u00fcstung richtig einsetzten und Einsatzm\u00f6glichkeiten kennen Die Schnitttechniken erlernen und anwenden k\u00f6nnen Bestandteile kennen [&hellip;]<\/p>\n","protected":false},"author":1,"featured_media":0,"parent":0,"menu_order":0,"comment_status":"closed","ping_status":"closed","template":"","meta":{"site-sidebar-layout":"no-sidebar","site-content-layout":"page-builder","ast-site-content-layout":"default","site-content-style":"default","site-sidebar-style":"default","ast-global-header-display":"","ast-banner-title-visibility":"","ast-main-header-display":"","ast-hfb-above-header-display":"","ast-hfb-below-header-display":"","ast-hfb-mobile-header-display":"","site-post-title":"disabled","ast-breadcrumbs-content":"","ast-featured-img":"disabled","footer-sml-layout":"","theme-transparent-header-meta":"default","adv-header-id-meta":"","stick-header-meta":"","header-above-stick-meta":"","header-main-stick-meta":"","header-below-stick-meta":"","astra-migrate-meta-layouts":"default","ast-page-background-enabled":"default","ast-page-background-meta":{"desktop":{"background-color":"","background-image":"","background-repeat":"repeat","background-position":"center center","background-size":"auto","background-attachment":"scroll","background-type":"","background-media":"","overlay-type":"","overlay-color":"","overlay-opacity":"","overlay-gradient":""},"tablet":{"background-color":"","background-image":"","background-repeat":"repeat","background-position":"center center","background-size":"auto","background-attachment":"scroll","background-type":"","background-media":"","overlay-type":"","overlay-color":"","overlay-opacity":"","overlay-gradient":""},"mobile":{"background-color":"","background-image":"","background-repeat":"repeat","background-position":"center center","background-size":"auto","background-attachment":"scroll","background-type":"","background-media":"","overlay-type":"","overlay-color":"","overlay-opacity":"","overlay-gradient":""}},"ast-content-background-meta":{"desktop":{"background-color":"var(--ast-global-color-5)","background-image":"","background-repeat":"repeat","background-position":"center center","background-size":"auto","background-attachment":"scroll","background-type":"","background-media":"","overlay-type":"","overlay-color":"","overlay-opacity":"","overlay-gradient":""},"tablet":{"background-color":"var(--ast-global-color-5)","background-image":"","background-repeat":"repeat","background-position":"center center","background-size":"auto","background-attachment":"scroll","background-type":"","background-media":"","overlay-type":"","overlay-color":"","overlay-opacity":"","overlay-gradient":""},"mobile":{"background-color":"var(--ast-global-color-5)","background-image":"","background-repeat":"repeat","background-position":"center center","background-size":"auto","background-attachment":"scroll","background-type":"","background-media":"","overlay-type":"","overlay-color":"","overlay-opacity":"","overlay-gradient":""}},"footnotes":""},"class_list":["post-270","page","type-page","status-publish","hentry"],"_links":{"self":[{"href":"https:\/\/www.asbeko.ch\/new\/index.php?rest_route=\/wp\/v2\/pages\/270","targetHints":{"allow":["GET"]}}],"collection":[{"href":"https:\/\/www.asbeko.ch\/new\/index.php?rest_route=\/wp\/v2\/pages"}],"about":[{"href":"https:\/\/www.asbeko.ch\/new\/index.php?rest_route=\/wp\/v2\/types\/page"}],"author":[{"embeddable":true,"href":"https:\/\/www.asbeko.ch\/new\/index.php?rest_route=\/wp\/v2\/users\/1"}],"replies":[{"embeddable":true,"href":"https:\/\/www.asbeko.ch\/new\/index.php?rest_route=%2Fwp%2Fv2%2Fcomments&post=270"}],"version-history":[{"count":13,"href":"https:\/\/www.asbeko.ch\/new\/index.php?rest_route=\/wp\/v2\/pages\/270\/revisions"}],"predecessor-version":[{"id":576,"href":"https:\/\/www.asbeko.ch\/new\/index.php?rest_route=\/wp\/v2\/pages\/270\/revisions\/576"}],"wp:attachment":[{"href":"https:\/\/www.asbeko.ch\/new\/index.php?rest_route=%2Fwp%2Fv2%2Fmedia&parent=270"}],"curies":[{"name":"wp","href":"https:\/\/api.w.org\/{rel}","templated":true}]}}